{"id":1571,"date":"2021-06-28T22:47:37","date_gmt":"2021-06-28T22:47:37","guid":{"rendered":"http:\/\/conserto.com.mx\/nuevositio\/?page_id=1571"},"modified":"2021-08-17T16:53:59","modified_gmt":"2021-08-17T16:53:59","slug":"obra-civil","status":"publish","type":"page","link":"http:\/\/conserto.com.mx\/?page_id=1571","title":{"rendered":"Obra civil"},"content":{"rendered":"<p>[et_pb_section fb_built=&#8221;1&#8243; custom_padding_last_edited=&#8221;on|phone&#8221; _builder_version=&#8221;4.9.7&#8243; _module_preset=&#8221;default&#8221; background_color=&#8221;#333333&#8243; background_image=&#8221;http:\/\/conserto.com.mx\/wp-content\/uploads\/2021\/08\/banner-servicios-obra-civil-conserto.jpg&#8221; background_blend=&#8221;overlay&#8221; custom_padding=&#8221;100px||100px||true|false&#8221; custom_padding_tablet=&#8221;70px||70px||true|false&#8221; custom_padding_phone=&#8221;40px||0px||false|false&#8221; background_last_edited=&#8221;on|desktop&#8221; background_position_phone=&#8221;center&#8221;][et_pb_row column_structure=&#8221;3_5,2_5&#8243; custom_padding_last_edited=&#8221;on|desktop&#8221; _builder_version=&#8221;4.9.7&#8243; _module_preset=&#8221;default&#8221; width=&#8221;100%&#8221; max_width=&#8221;100%&#8221; custom_padding=&#8221;|135px||135px|false|true&#8221; custom_padding_tablet=&#8221;|77px||77px|false|true&#8221; custom_padding_phone=&#8221;|40px||40px|false|true&#8221;][et_pb_column type=&#8221;3_5&#8243; _builder_version=&#8221;4.9.5&#8243; _module_preset=&#8221;default&#8221;][et_pb_text _builder_version=&#8221;4.9.7&#8243; _module_preset=&#8221;default&#8221; header_font=&#8221;|600|||||||&#8221; header_font_size=&#8221;50px&#8221; background_layout=&#8221;dark&#8221; animation_style=&#8221;slide&#8221; animation_direction=&#8221;left&#8221; animation_duration=&#8221;800ms&#8221; animation_delay=&#8221;300ms&#8221; animation_intensity_slide=&#8221;3%&#8221; header_font_size_tablet=&#8221;40px&#8221; header_font_size_phone=&#8221;30px&#8221; header_font_size_last_edited=&#8221;on|phone&#8221;]<\/p>\n<h1>Obra civil<\/h1>\n<p>[\/et_pb_text][et_pb_text _builder_version=&#8221;4.9.7&#8243; _module_preset=&#8221;default&#8221; text_font=&#8221;|300|||||||&#8221; text_font_size=&#8221;18px&#8221; text_line_height=&#8221;1.9em&#8221; text_orientation=&#8221;justified&#8221; background_layout=&#8221;dark&#8221; animation_style=&#8221;slide&#8221; animation_direction=&#8221;left&#8221; animation_duration=&#8221;800ms&#8221; animation_delay=&#8221;300ms&#8221; animation_intensity_slide=&#8221;3%&#8221;]<\/p>\n<p>En CONSERTO, nos distinguimos por ofrecer servicios de forma oportuna, eficaz y eficiente, con profesionalismo y t\u00e9cnicamente confiable, mediante la procuraci\u00f3n de altos est\u00e1ndares e innovaci\u00f3n, incorporando personal capacitado, herramientas, maquinaria y equipos modernos.<\/p>\n<p>[\/et_pb_text][\/et_pb_column][et_pb_column type=&#8221;2_5&#8243; _builder_version=&#8221;4.9.5&#8243; _module_preset=&#8221;default&#8221;][\/et_pb_column][\/et_pb_row][\/et_pb_section][et_pb_section fb_built=&#8221;1&#8243; _builder_version=&#8221;4.9.5&#8243; _module_preset=&#8221;default&#8221; background_color=&#8221;#1B3842&#8243; custom_padding=&#8221;15px||15px||true|false&#8221; global_module=&#8221;1888&#8243; saved_tabs=&#8221;all&#8221;][et_pb_row _builder_version=&#8221;4.9.5&#8243; _module_preset=&#8221;default&#8221;][et_pb_column type=&#8221;4_4&#8243; _builder_version=&#8221;4.9.5&#8243; _module_preset=&#8221;default&#8221;][et_pb_text _builder_version=&#8221;4.9.7&#8243; _module_preset=&#8221;default&#8221; header_2_font=&#8221;|600|||||||&#8221; header_2_font_size=&#8221;35px&#8221; text_orientation=&#8221;center&#8221; background_layout=&#8221;dark&#8221; animation_style=&#8221;slide&#8221; animation_direction=&#8221;right&#8221; animation_duration=&#8221;800ms&#8221; animation_delay=&#8221;600ms&#8221; animation_intensity_slide=&#8221;3%&#8221; header_2_font_size_tablet=&#8221;30px&#8221; header_2_font_size_phone=&#8221;25px&#8221; header_2_font_size_last_edited=&#8221;on|desktop&#8221;]<\/p>\n<h2>Expertos en construcci\u00f3n y mantenimiento industrial<\/h2>\n<p>[\/et_pb_text][\/et_pb_column][\/et_pb_row][\/et_pb_section][et_pb_section fb_built=&#8221;1&#8243; custom_padding_last_edited=&#8221;on|tablet&#8221; _builder_version=&#8221;4.9.7&#8243; _module_preset=&#8221;default&#8221; use_background_color_gradient=&#8221;on&#8221; background_color_gradient_start=&#8221;#ffffff&#8221; background_color_gradient_end=&#8221;#f1f1f1&#8243; background_color_gradient_direction=&#8221;90deg&#8221; background_color_gradient_start_position=&#8221;59%&#8221; background_color_gradient_end_position=&#8221;0%&#8221; custom_padding=&#8221;100px||100px||true|false&#8221; custom_padding_tablet=&#8221;40px||40px||true|false&#8221; custom_padding_phone=&#8221;&#8221; hover_enabled=&#8221;0&#8243; sticky_enabled=&#8221;0&#8243; background_last_edited=&#8221;on|tablet&#8221; use_background_color_gradient_tablet=&#8221;off&#8221; background_color_tablet=&#8221;#F1F1F1&#8243; background_enable_color_tablet=&#8221;on&#8221;][et_pb_row column_structure=&#8221;2_5,3_5&#8243; custom_padding_last_edited=&#8221;on|phone&#8221; _builder_version=&#8221;4.9.7&#8243; _module_preset=&#8221;default&#8221; width=&#8221;100%&#8221; max_width=&#8221;100%&#8221; custom_padding=&#8221;|135px||135px|false|true&#8221; custom_padding_tablet=&#8221;|77px||77px|false|true&#8221; custom_padding_phone=&#8221;|40px||40px|false|true&#8221;][et_pb_column type=&#8221;2_5&#8243; _builder_version=&#8221;4.9.5&#8243; _module_preset=&#8221;default&#8221;][et_pb_text _builder_version=&#8221;4.9.7&#8243; _module_preset=&#8221;default&#8221; header_3_font=&#8221;|600|||||||&#8221; header_3_font_size=&#8221;28px&#8221; custom_margin=&#8221;||||false|false&#8221; custom_margin_last_edited=&#8221;off|phone&#8221; animation_style=&#8221;slide&#8221; animation_direction=&#8221;left&#8221; animation_duration=&#8221;800ms&#8221; animation_delay=&#8221;300ms&#8221; animation_intensity_slide=&#8221;3%&#8221; header_3_font_size_tablet=&#8221;25px&#8221; header_3_font_size_phone=&#8221;20px&#8221; header_3_font_size_last_edited=&#8221;on|phone&#8221;]<\/p>\n<h3>Conoce nuestros servicios de obra civil<\/h3>\n<p>[\/et_pb_text][et_pb_text _builder_version=&#8221;4.9.7&#8243; _module_preset=&#8221;default&#8221; text_font=&#8221;|300|||||||&#8221; text_font_size=&#8221;18px&#8221; text_line_height=&#8221;1.9em&#8221; text_orientation=&#8221;justified&#8221; animation_style=&#8221;slide&#8221; animation_direction=&#8221;left&#8221; animation_duration=&#8221;800ms&#8221; animation_delay=&#8221;300ms&#8221; animation_intensity_slide=&#8221;3%&#8221;]<\/p>\n<ul>\n<li aria-level=\"1\"><span>Ingenier\u00eda b\u00e1sica<br \/><\/span><\/li>\n<li aria-level=\"1\"><span>Construcci\u00f3n y rehabilitaci\u00f3n de<span>\u00a0<\/span><\/span><span>estructuras de concreto o edificios<\/span><\/li>\n<li aria-level=\"1\"><span>Cimentaciones<br \/><\/span><\/li>\n<li aria-level=\"1\">Construcci\u00f3n de infraestructura de obra civil, terracer\u00edas, pavimentaciones y asfaltos<\/li>\n<li aria-level=\"1\">Rehabilitaci\u00f3n de estructuras civil-estructural y drenajes<\/li>\n<\/ul>\n<p>[\/et_pb_text][\/et_pb_column][et_pb_column type=&#8221;3_5&#8243; _builder_version=&#8221;4.9.7&#8243; _module_preset=&#8221;default&#8221; scroll_vertical_motion_enable=&#8221;on&#8221; scroll_vertical_motion=&#8221;0|40|50|100|0.7|0|-0.7&#8243; scroll_vertical_motion_tablet=&#8221;0|40|50|100|0.4|0|-0.4&#8243; scroll_vertical_motion_phone=&#8221;0|40|60|100|0.4|0|-0.4&#8243; scroll_vertical_motion_last_edited=&#8221;on|phone&#8221;][et_pb_gallery gallery_ids=&#8221;2614&#8243; fullwidth=&#8221;on&#8221; _builder_version=&#8221;4.9.7&#8243; _module_preset=&#8221;default&#8221; auto=&#8221;on&#8221; auto_speed=&#8221;5000&#8243; border_radii=&#8221;on|6px|6px|6px|6px&#8221; box_shadow_style=&#8221;preset3&#8243; box_shadow_color=&#8221;rgba(0,0,0,0.15)&#8221; filter_brightness__hover_enabled=&#8221;off|hover&#8221; filter_brightness__hover=&#8221;100%&#8221;][\/et_pb_gallery][\/et_pb_column][\/et_pb_row][\/et_pb_section][et_pb_section fb_built=&#8221;1&#8243; custom_padding_last_edited=&#8221;on|tablet&#8221; _builder_version=&#8221;4.9.7&#8243; _module_preset=&#8221;default&#8221; custom_padding=&#8221;100px||100px||true|false&#8221; custom_padding_tablet=&#8221;40px||40px||true|false&#8221; custom_padding_phone=&#8221;&#8221;][et_pb_row custom_padding_last_edited=&#8221;on|phone&#8221; _builder_version=&#8221;4.9.7&#8243; _module_preset=&#8221;default&#8221; width=&#8221;100%&#8221; max_width=&#8221;100%&#8221; custom_padding=&#8221;|135px||135px|false|true&#8221; custom_padding_tablet=&#8221;|77px||77px|false|true&#8221; custom_padding_phone=&#8221;|40px||40px|false|true&#8221;][et_pb_column type=&#8221;4_4&#8243; _builder_version=&#8221;4.9.7&#8243; _module_preset=&#8221;default&#8221;][et_pb_text _builder_version=&#8221;4.9.7&#8243; _module_preset=&#8221;default&#8221; text_font=&#8221;|600|||||||&#8221; header_4_font=&#8221;|600|||||||&#8221; header_4_font_size=&#8221;25px&#8221; text_orientation=&#8221;center&#8221; animation_style=&#8221;slide&#8221; animation_direction=&#8221;top&#8221; animation_duration=&#8221;800ms&#8221; animation_delay=&#8221;300ms&#8221; animation_intensity_slide=&#8221;3%&#8221; header_4_font_size_tablet=&#8221;20px&#8221; header_4_font_size_phone=&#8221;18px&#8221; header_4_font_size_last_edited=&#8221;on|phone&#8221;]<\/p>\n<h4>Trabajos de obra civil<\/h4>\n<p>[\/et_pb_text][\/et_pb_column][\/et_pb_row][et_pb_row column_structure=&#8221;1_4,1_4,1_4,1_4&#8243; custom_padding_last_edited=&#8221;on|phone&#8221; _builder_version=&#8221;4.9.7&#8243; _module_preset=&#8221;default&#8221; width=&#8221;100%&#8221; max_width=&#8221;100%&#8221; custom_padding=&#8221;|135px||135px|false|true&#8221; custom_padding_tablet=&#8221;|77px||77px|false|true&#8221; custom_padding_phone=&#8221;|40px||40px|false|true&#8221; animation_style=&#8221;slide&#8221; animation_duration=&#8221;800ms&#8221; animation_delay=&#8221;300ms&#8221; animation_intensity_slide=&#8221;3%&#8221;][et_pb_column type=&#8221;1_4&#8243; _builder_version=&#8221;4.9.7&#8243; _module_preset=&#8221;default&#8221;][et_pb_image src=&#8221;http:\/\/conserto.com.mx\/wp-content\/uploads\/2021\/08\/servicios-obra-civil3-conserto.jpg&#8221; title_text=&#8221;servicios-obra-civil3-conserto&#8221; show_in_lightbox=&#8221;on&#8221; _builder_version=&#8221;4.9.7&#8243; _module_preset=&#8221;default&#8221; filter_brightness=&#8221;70%&#8221; border_radii=&#8221;on|10px|10px|10px|10px&#8221; box_shadow_style=&#8221;preset3&#8243; filter_brightness__hover_enabled=&#8221;on|desktop&#8221; filter_brightness__hover=&#8221;100%&#8221;][\/et_pb_image][\/et_pb_column][et_pb_column type=&#8221;1_4&#8243; _builder_version=&#8221;4.9.7&#8243; _module_preset=&#8221;default&#8221;][et_pb_image src=&#8221;http:\/\/conserto.com.mx\/wp-content\/uploads\/2021\/08\/servicios-obra-civil2-conserto.jpg&#8221; title_text=&#8221;servicios-obra-civil2-conserto&#8221; show_in_lightbox=&#8221;on&#8221; _builder_version=&#8221;4.9.7&#8243; _module_preset=&#8221;default&#8221; filter_brightness=&#8221;70%&#8221; border_radii=&#8221;on|10px|10px|10px|10px&#8221; box_shadow_style=&#8221;preset3&#8243; filter_brightness__hover_enabled=&#8221;on|hover&#8221; filter_brightness__hover=&#8221;100%&#8221;][\/et_pb_image][\/et_pb_column][et_pb_column type=&#8221;1_4&#8243; _builder_version=&#8221;4.9.7&#8243; _module_preset=&#8221;default&#8221;][et_pb_image src=&#8221;http:\/\/conserto.com.mx\/wp-content\/uploads\/2021\/08\/servicios-obra-civil4-conserto.jpg&#8221; title_text=&#8221;servicios-obra-civil4-conserto&#8221; show_in_lightbox=&#8221;on&#8221; _builder_version=&#8221;4.9.7&#8243; _module_preset=&#8221;default&#8221; filter_brightness=&#8221;70%&#8221; border_radii=&#8221;on|10px|10px|10px|10px&#8221; box_shadow_style=&#8221;preset3&#8243; filter_brightness__hover_enabled=&#8221;on|hover&#8221; filter_brightness__hover=&#8221;100%&#8221;][\/et_pb_image][\/et_pb_column][et_pb_column type=&#8221;1_4&#8243; _builder_version=&#8221;4.9.7&#8243; _module_preset=&#8221;default&#8221;][et_pb_image src=&#8221;http:\/\/conserto.com.mx\/wp-content\/uploads\/2021\/08\/servicios-obra-civil5-conserto.jpg&#8221; title_text=&#8221;servicios-obra-civil5-conserto&#8221; show_in_lightbox=&#8221;on&#8221; _builder_version=&#8221;4.9.7&#8243; _module_preset=&#8221;default&#8221; filter_brightness=&#8221;70%&#8221; border_radii=&#8221;on|10px|10px|10px|10px&#8221; box_shadow_style=&#8221;preset3&#8243; filter_brightness__hover_enabled=&#8221;on|hover&#8221; filter_brightness__hover=&#8221;100%&#8221;][\/et_pb_image][\/et_pb_column][\/et_pb_row][\/et_pb_section]<\/p>\n","protected":false},"excerpt":{"rendered":"<p>Obra civilEn CONSERTO, nos distinguimos por ofrecer servicios de forma oportuna, eficaz y eficiente, con profesionalismo y t\u00e9cnicamente confiable, mediante la procuraci\u00f3n de altos est\u00e1ndares e innovaci\u00f3n, incorporando personal capacitado, herramientas, maquinaria y equipos modernos.Expertos en construcci\u00f3n y mantenimiento industrialConoce nuestros servicios de obra civil Ingenier\u00eda b\u00e1sica Construcci\u00f3n y rehabilitaci\u00f3n de\u00a0estructuras de concreto o edificios [&hellip;]<\/p>\n","protected":false},"author":1,"featured_media":0,"parent":0,"menu_order":0,"comment_status":"closed","ping_status":"closed","template":"","meta":{"_et_pb_use_builder":"on","_et_pb_old_content":"<!-- wp:divi\/placeholder \/-->","_et_gb_content_width":"","footnotes":""},"class_list":["post-1571","page","type-page","status-publish","hentry"],"_links":{"self":[{"href":"http:\/\/conserto.com.mx\/index.php?rest_route=\/wp\/v2\/pages\/1571","targetHints":{"allow":["GET"]}}],"collection":[{"href":"http:\/\/conserto.com.mx\/index.php?rest_route=\/wp\/v2\/pages"}],"about":[{"href":"http:\/\/conserto.com.mx\/index.php?rest_route=\/wp\/v2\/types\/page"}],"author":[{"embeddable":true,"href":"http:\/\/conserto.com.mx\/index.php?rest_route=\/wp\/v2\/users\/1"}],"replies":[{"embeddable":true,"href":"http:\/\/conserto.com.mx\/index.php?rest_route=%2Fwp%2Fv2%2Fcomments&post=1571"}],"version-history":[{"count":34,"href":"http:\/\/conserto.com.mx\/index.php?rest_route=\/wp\/v2\/pages\/1571\/revisions"}],"predecessor-version":[{"id":2905,"href":"http:\/\/conserto.com.mx\/index.php?rest_route=\/wp\/v2\/pages\/1571\/revisions\/2905"}],"wp:attachment":[{"href":"http:\/\/conserto.com.mx\/index.php?rest_route=%2Fwp%2Fv2%2Fmedia&parent=1571"}],"curies":[{"name":"wp","href":"https:\/\/api.w.org\/{rel}","templated":true}]}}